{"id":4404,"date":"2021-08-20T04:14:46","date_gmt":"2021-08-20T02:14:46","guid":{"rendered":"https:\/\/spinsafety.com\/radioprotection\/"},"modified":"2025-12-30T13:12:18","modified_gmt":"2025-12-30T12:12:18","slug":"radioprotection","status":"publish","type":"page","link":"https:\/\/spinsafety.com\/en\/radioprotection\/","title":{"rendered":"RADIOPROTECTION"},"content":{"rendered":"\t\t<div data-elementor-type=\"wp-page\" data-elementor-id=\"4404\" class=\"elementor elementor-4404 elementor-3754\">\n\t\t\t\t<div class=\"elementor-element elementor-element-7c831e30 e-flex e-con-boxed e-con e-parent\" data-id=\"7c831e30\" data-element_type=\"container\">\n\t\t\t\t\t<div class=\"e-con-inner\">\n\t\t<div class=\"elementor-element elementor-element-6cdad2b e-con-full e-flex e-con e-child\" data-id=\"6cdad2b\" data-element_type=\"container\">\n\t\t\t\t<div class=\"elementor-element elementor-element-c326ca7 elementor-widget elementor-widget-text-editor\" data-id=\"c326ca7\" data-element_type=\"widget\" data-widget_type=\"text-editor.default\">\n\t\t\t\t<div class=\"elementor-widget-container\">\n\t\t\t\t\t\t\t\t\t<p>Dans le cadre des dispositions juridiques (Article R4451-1 et suivants du Code du Travail, Article R1333-18 du Code de la Sant\u00e9 Publique et Arr\u00eat\u00e9 du 18 D\u00e9cembre 2019) relatives \u00e0 l\u2019organisation de la <strong>Radioprotection <\/strong>au sein de <strong>votre cabinet dentaire<\/strong>, nous r\u00e9alisons la prestation annuelle de Conseiller en <strong>Radioprotection<\/strong> (<strong>CRP, ex-PCR externe<\/strong>) en vous proposant une solution compl\u00e8te et globale pour votre cabinet.<\/p><p>Elle consistera \u00e0 prendre en charge l&#8217;ensemble des exigences l\u00e9gales et autres d\u00e9marches impos\u00e9es par le Code du Travail et le Code de la Sant\u00e9 Publique.<\/p><div style=\"text-align: center;\">Spin Safety\u00ae<strong>\u00a0<\/strong>est\u00a0<strong>certifi\u00e9 Organisme Comp\u00e9tent en Radioprotection<\/strong>\u00a0par le\u00a0<strong>CEFRI<\/strong>\u00a0sous la r\u00e9f\u00e9rence\u00a0<strong>n\u00b0045 OCR<\/strong>.<\/div>\t\t\t\t\t\t\t\t<\/div>\n\t\t\t\t<\/div>\n\t\t\t\t<\/div>\n\t\t<div class=\"elementor-element elementor-element-bcc766a e-con-full e-flex e-con e-child\" data-id=\"bcc766a\" data-element_type=\"container\">\n\t\t<div class=\"elementor-element elementor-element-d08339a e-grid e-con-full e-con e-child\" data-id=\"d08339a\" data-element_type=\"container\">\n\t\t\t\t<div class=\"elementor-element elementor-element-4b01ef2 elementor-widget elementor-widget-image\" data-id=\"4b01ef2\" data-element_type=\"widget\" data-widget_type=\"image.default\">\n\t\t\t\t<div class=\"elementor-widget-container\">\n\t\t\t\t\t\t\t\t\t\t\t\t\t\t\t<img fetchpriority=\"high\" decoding=\"async\" width=\"620\" height=\"414\" src=\"https:\/\/spinsafety.com\/wp-content\/uploads\/2021\/08\/reglementation-e1629473376234.jpg\" class=\"attachment-large size-large wp-image-4735\" alt=\"photo reglementation\" \/>\t\t\t\t\t\t\t\t\t\t\t\t\t\t\t<\/div>\n\t\t\t\t<\/div>\n\t\t<div class=\"elementor-element elementor-element-5bce001 e-con-full e-flex e-con e-child\" data-id=\"5bce001\" data-element_type=\"container\">\n\t\t\t\t<div class=\"elementor-element elementor-element-1d0e0e7 elementor-widget elementor-widget-heading\" data-id=\"1d0e0e7\" data-element_type=\"widget\" data-widget_type=\"heading.default\">\n\t\t\t\t<div class=\"elementor-widget-container\">\n\t\t\t\t\t<h2 class=\"elementor-heading-title elementor-size-default\">R\u00c9GLEMENTATION<\/h2>\t\t\t\t<\/div>\n\t\t\t\t<\/div>\n\t\t\t\t<div class=\"elementor-element elementor-element-3a75c15 elementor-widget elementor-widget-text-editor\" data-id=\"3a75c15\" data-element_type=\"widget\" data-widget_type=\"text-editor.default\">\n\t\t\t\t<div class=\"elementor-widget-container\">\n\t\t\t\t\t\t\t\t\t<p>Les exigences l\u00e9gales<\/p>\t\t\t\t\t\t\t\t<\/div>\n\t\t\t\t<\/div>\n\t\t\t\t<div class=\"elementor-element elementor-element-8d5162e elementor-widget elementor-widget-button\" data-id=\"8d5162e\" data-element_type=\"widget\" data-widget_type=\"button.default\">\n\t\t\t\t<div class=\"elementor-widget-container\">\n\t\t\t\t\t\t\t\t\t<div class=\"elementor-button-wrapper\">\n\t\t\t\t\t<a class=\"elementor-button elementor-button-link elementor-size-sm\" href=\"https:\/\/spinsafety.com\/en\/radioprotection\/regulations\/\">\n\t\t\t\t\t\t<span class=\"elementor-button-content-wrapper\">\n\t\t\t\t\t\t\t\t\t<span class=\"elementor-button-text\">Voir plus<\/span>\n\t\t\t\t\t<\/span>\n\t\t\t\t\t<\/a>\n\t\t\t\t<\/div>\n\t\t\t\t\t\t\t\t<\/div>\n\t\t\t\t<\/div>\n\t\t\t\t<\/div>\n\t\t\t\t<\/div>\n\t\t\t\t<\/div>\n\t\t<div class=\"elementor-element elementor-element-215643d e-con-full e-flex e-con e-child\" data-id=\"215643d\" data-element_type=\"container\">\n\t\t<div class=\"elementor-element elementor-element-1b1f772 e-grid e-con-full e-con e-child\" data-id=\"1b1f772\" data-element_type=\"container\">\n\t\t<div class=\"elementor-element elementor-element-bd26729 e-con-full e-flex e-con e-child\" data-id=\"bd26729\" data-element_type=\"container\">\n\t\t\t\t<div class=\"elementor-element elementor-element-a9cd99f elementor-widget elementor-widget-heading\" data-id=\"a9cd99f\" data-element_type=\"widget\" data-widget_type=\"heading.default\">\n\t\t\t\t<div class=\"elementor-widget-container\">\n\t\t\t\t\t<h2 class=\"elementor-heading-title elementor-size-default\">Prestation OCR en Cabinet Dentaire<\/h2>\t\t\t\t<\/div>\n\t\t\t\t<\/div>\n\t\t\t\t<div class=\"elementor-element elementor-element-bd46615 elementor-widget elementor-widget-text-editor\" data-id=\"bd46615\" data-element_type=\"widget\" data-widget_type=\"text-editor.default\">\n\t\t\t\t<div class=\"elementor-widget-container\">\n\t\t\t\t\t\t\t\t\t<p>Mission de Conseiller en Radioprotection<\/p>\t\t\t\t\t\t\t\t<\/div>\n\t\t\t\t<\/div>\n\t\t\t\t<div class=\"elementor-element elementor-element-6f345cf elementor-widget elementor-widget-button\" data-id=\"6f345cf\" data-element_type=\"widget\" data-widget_type=\"button.default\">\n\t\t\t\t<div class=\"elementor-widget-container\">\n\t\t\t\t\t\t\t\t\t<div class=\"elementor-button-wrapper\">\n\t\t\t\t\t<a class=\"elementor-button elementor-button-link elementor-size-sm\" href=\"https:\/\/spinsafety.com\/en\/radioprotection\/rpa-rpe-services-in-dentistry\/\">\n\t\t\t\t\t\t<span class=\"elementor-button-content-wrapper\">\n\t\t\t\t\t\t\t\t\t<span class=\"elementor-button-text\">Voir plus<\/span>\n\t\t\t\t\t<\/span>\n\t\t\t\t\t<\/a>\n\t\t\t\t<\/div>\n\t\t\t\t\t\t\t\t<\/div>\n\t\t\t\t<\/div>\n\t\t\t\t<\/div>\n\t\t\t\t<div class=\"elementor-element elementor-element-ef4693a elementor-widget elementor-widget-image\" data-id=\"ef4693a\" data-element_type=\"widget\" data-widget_type=\"image.default\">\n\t\t\t\t<div class=\"elementor-widget-container\">\n\t\t\t\t\t\t\t\t\t\t\t\t\t\t\t<img decoding=\"async\" width=\"640\" height=\"425\" src=\"https:\/\/spinsafety.com\/wp-content\/uploads\/2021\/08\/dentist.jpg\" class=\"attachment-large size-large wp-image-4736\" alt=\"spinsafety cabinet dentaire\" srcset=\"https:\/\/spinsafety.com\/wp-content\/uploads\/2021\/08\/dentist.jpg 640w, https:\/\/spinsafety.com\/wp-content\/uploads\/2021\/08\/dentist-300x199.jpg 300w\" sizes=\"(max-width: 640px) 100vw, 640px\" \/>\t\t\t\t\t\t\t\t\t\t\t\t\t\t\t<\/div>\n\t\t\t\t<\/div>\n\t\t\t\t<\/div>\n\t\t\t\t<\/div>\n\t\t\t\t\t<\/div>\n\t\t\t\t<\/div>\n\t\t\t\t<\/div>\n\t\t","protected":false},"excerpt":{"rendered":"<p>Dans le cadre des dispositions juridiques (Article R4451-1 et suivants du Code du Travail, Article R1333-18 du Code de la Sant\u00e9 Publique et Arr\u00eat\u00e9 du 18 D\u00e9cembre 2019) relatives \u00e0 l\u2019organisation de la Radioprotection au sein de votre cabinet dentaire, nous r\u00e9alisons la prestation annuelle de Conseiller en Radioprotection (CRP, ex-PCR externe) en vous proposant<\/p>\n","protected":false},"author":1,"featured_media":0,"parent":0,"menu_order":0,"comment_status":"closed","ping_status":"closed","template":"","meta":{"inline_featured_image":false,"footnotes":""},"class_list":["post-4404","page","type-page","status-publish","hentry"],"yoast_head":"<!-- This site is optimized with the Yoast SEO Premium plugin v26.1 (Yoast SEO v26.1) - https:\/\/yoast.com\/wordpress\/plugins\/seo\/ -->\n<title>Radioprotection dans les pratiques dentaires - Spin Safety\u00ae<\/title>\n<meta name=\"description\" content=\"D\u00e9couvrez les services de radioprotection propos\u00e9s par Spin Safety pour les pratiques dentaires. Prot\u00e9gez votre cabinet.\" \/>\n<meta name=\"robots\" content=\"index, follow, max-snippet:-1, max-image-preview:large, max-video-preview:-1\" \/>\n<link rel=\"canonical\" href=\"https:\/\/spinsafety.com\/en\/radioprotection\/\" \/>\n<meta property=\"og:locale\" content=\"en_US\" \/>\n<meta property=\"og:type\" content=\"article\" \/>\n<meta property=\"og:title\" content=\"RADIOPROTECTION\" \/>\n<meta property=\"og:description\" content=\"D\u00e9couvrez les services de radioprotection propos\u00e9s par Spin Safety pour les pratiques dentaires. Prot\u00e9gez votre cabinet.\" \/>\n<meta property=\"og:url\" content=\"https:\/\/spinsafety.com\/en\/radioprotection\/\" \/>\n<meta property=\"og:site_name\" content=\"Spin Safety\u00ae\" \/>\n<meta property=\"article:modified_time\" content=\"2025-12-30T12:12:18+00:00\" \/>\n<meta property=\"og:image\" content=\"https:\/\/spinsafety.com\/wp-content\/uploads\/2021\/08\/reglementation-e1629473376234.jpg\" \/>\n\t<meta property=\"og:image:width\" content=\"620\" \/>\n\t<meta property=\"og:image:height\" content=\"414\" \/>\n\t<meta property=\"og:image:type\" content=\"image\/jpeg\" \/>\n<meta name=\"twitter:card\" content=\"summary_large_image\" \/>\n<meta name=\"twitter:label1\" content=\"Est. reading time\" \/>\n\t<meta name=\"twitter:data1\" content=\"1 minute\" \/>\n<script type=\"application\/ld+json\" class=\"yoast-schema-graph\">{\"@context\":\"https:\/\/schema.org\",\"@graph\":[{\"@type\":\"WebPage\",\"@id\":\"https:\/\/spinsafety.com\/en\/radioprotection\/\",\"url\":\"https:\/\/spinsafety.com\/en\/radioprotection\/\",\"name\":\"Radioprotection dans les pratiques dentaires - Spin Safety\u00ae\",\"isPartOf\":{\"@id\":\"https:\/\/spinsafety.com\/en\/#website\"},\"primaryImageOfPage\":{\"@id\":\"https:\/\/spinsafety.com\/en\/radioprotection\/#primaryimage\"},\"image\":{\"@id\":\"https:\/\/spinsafety.com\/en\/radioprotection\/#primaryimage\"},\"thumbnailUrl\":\"https:\/\/spinsafety.com\/wp-content\/uploads\/2021\/08\/reglementation-e1629473376234.jpg\",\"datePublished\":\"2021-08-20T02:14:46+00:00\",\"dateModified\":\"2025-12-30T12:12:18+00:00\",\"description\":\"D\u00e9couvrez les services de radioprotection propos\u00e9s par Spin Safety pour les pratiques dentaires. Prot\u00e9gez votre cabinet.\",\"breadcrumb\":{\"@id\":\"https:\/\/spinsafety.com\/en\/radioprotection\/#breadcrumb\"},\"inLanguage\":\"en-US\",\"potentialAction\":[{\"@type\":\"ReadAction\",\"target\":[\"https:\/\/spinsafety.com\/en\/radioprotection\/\"]}]},{\"@type\":\"ImageObject\",\"inLanguage\":\"en-US\",\"@id\":\"https:\/\/spinsafety.com\/en\/radioprotection\/#primaryimage\",\"url\":\"https:\/\/spinsafety.com\/wp-content\/uploads\/2021\/08\/reglementation-e1629473376234.jpg\",\"contentUrl\":\"https:\/\/spinsafety.com\/wp-content\/uploads\/2021\/08\/reglementation-e1629473376234.jpg\"},{\"@type\":\"BreadcrumbList\",\"@id\":\"https:\/\/spinsafety.com\/en\/radioprotection\/#breadcrumb\",\"itemListElement\":[{\"@type\":\"ListItem\",\"position\":1,\"name\":\"Accueil\",\"item\":\"https:\/\/spinsafety.com\/en\/\"},{\"@type\":\"ListItem\",\"position\":2,\"name\":\"RADIOPROTECTION\"}]},{\"@type\":\"WebSite\",\"@id\":\"https:\/\/spinsafety.com\/en\/#website\",\"url\":\"https:\/\/spinsafety.com\/en\/\",\"name\":\"Spin Safety\u00ae\",\"description\":\"\",\"publisher\":{\"@id\":\"https:\/\/spinsafety.com\/en\/#organization\"},\"potentialAction\":[{\"@type\":\"SearchAction\",\"target\":{\"@type\":\"EntryPoint\",\"urlTemplate\":\"https:\/\/spinsafety.com\/en\/?s={search_term_string}\"},\"query-input\":{\"@type\":\"PropertyValueSpecification\",\"valueRequired\":true,\"valueName\":\"search_term_string\"}}],\"inLanguage\":\"en-US\"},{\"@type\":\"Organization\",\"@id\":\"https:\/\/spinsafety.com\/en\/#organization\",\"name\":\"Spin Safety\u00ae\",\"url\":\"https:\/\/spinsafety.com\/en\/\",\"logo\":{\"@type\":\"ImageObject\",\"inLanguage\":\"en-US\",\"@id\":\"https:\/\/spinsafety.com\/en\/#\/schema\/logo\/image\/\",\"url\":\"https:\/\/spinsafety.com\/wp-content\/uploads\/2021\/08\/spinsafety-1.png\",\"contentUrl\":\"https:\/\/spinsafety.com\/wp-content\/uploads\/2021\/08\/spinsafety-1.png\",\"width\":180,\"height\":104,\"caption\":\"Spin Safety\u00ae\"},\"image\":{\"@id\":\"https:\/\/spinsafety.com\/en\/#\/schema\/logo\/image\/\"}}]}<\/script>\n<!-- \/ Yoast SEO Premium plugin. -->","yoast_head_json":{"title":"Radioprotection dans les pratiques dentaires - Spin Safety\u00ae","description":"D\u00e9couvrez les services de radioprotection propos\u00e9s par Spin Safety pour les pratiques dentaires. Prot\u00e9gez votre cabinet.","robots":{"index":"index","follow":"follow","max-snippet":"max-snippet:-1","max-image-preview":"max-image-preview:large","max-video-preview":"max-video-preview:-1"},"canonical":"https:\/\/spinsafety.com\/en\/radioprotection\/","og_locale":"en_US","og_type":"article","og_title":"RADIOPROTECTION","og_description":"D\u00e9couvrez les services de radioprotection propos\u00e9s par Spin Safety pour les pratiques dentaires. Prot\u00e9gez votre cabinet.","og_url":"https:\/\/spinsafety.com\/en\/radioprotection\/","og_site_name":"Spin Safety\u00ae","article_modified_time":"2025-12-30T12:12:18+00:00","og_image":[{"width":620,"height":414,"url":"https:\/\/spinsafety.com\/wp-content\/uploads\/2021\/08\/reglementation-e1629473376234.jpg","type":"image\/jpeg"}],"twitter_card":"summary_large_image","twitter_misc":{"Est. reading time":"1 minute"},"schema":{"@context":"https:\/\/schema.org","@graph":[{"@type":"WebPage","@id":"https:\/\/spinsafety.com\/en\/radioprotection\/","url":"https:\/\/spinsafety.com\/en\/radioprotection\/","name":"Radioprotection dans les pratiques dentaires - Spin Safety\u00ae","isPartOf":{"@id":"https:\/\/spinsafety.com\/en\/#website"},"primaryImageOfPage":{"@id":"https:\/\/spinsafety.com\/en\/radioprotection\/#primaryimage"},"image":{"@id":"https:\/\/spinsafety.com\/en\/radioprotection\/#primaryimage"},"thumbnailUrl":"https:\/\/spinsafety.com\/wp-content\/uploads\/2021\/08\/reglementation-e1629473376234.jpg","datePublished":"2021-08-20T02:14:46+00:00","dateModified":"2025-12-30T12:12:18+00:00","description":"D\u00e9couvrez les services de radioprotection propos\u00e9s par Spin Safety pour les pratiques dentaires. Prot\u00e9gez votre cabinet.","breadcrumb":{"@id":"https:\/\/spinsafety.com\/en\/radioprotection\/#breadcrumb"},"inLanguage":"en-US","potentialAction":[{"@type":"ReadAction","target":["https:\/\/spinsafety.com\/en\/radioprotection\/"]}]},{"@type":"ImageObject","inLanguage":"en-US","@id":"https:\/\/spinsafety.com\/en\/radioprotection\/#primaryimage","url":"https:\/\/spinsafety.com\/wp-content\/uploads\/2021\/08\/reglementation-e1629473376234.jpg","contentUrl":"https:\/\/spinsafety.com\/wp-content\/uploads\/2021\/08\/reglementation-e1629473376234.jpg"},{"@type":"BreadcrumbList","@id":"https:\/\/spinsafety.com\/en\/radioprotection\/#breadcrumb","itemListElement":[{"@type":"ListItem","position":1,"name":"Accueil","item":"https:\/\/spinsafety.com\/en\/"},{"@type":"ListItem","position":2,"name":"RADIOPROTECTION"}]},{"@type":"WebSite","@id":"https:\/\/spinsafety.com\/en\/#website","url":"https:\/\/spinsafety.com\/en\/","name":"Spin Safety\u00ae","description":"","publisher":{"@id":"https:\/\/spinsafety.com\/en\/#organization"},"potentialAction":[{"@type":"SearchAction","target":{"@type":"EntryPoint","urlTemplate":"https:\/\/spinsafety.com\/en\/?s={search_term_string}"},"query-input":{"@type":"PropertyValueSpecification","valueRequired":true,"valueName":"search_term_string"}}],"inLanguage":"en-US"},{"@type":"Organization","@id":"https:\/\/spinsafety.com\/en\/#organization","name":"Spin Safety\u00ae","url":"https:\/\/spinsafety.com\/en\/","logo":{"@type":"ImageObject","inLanguage":"en-US","@id":"https:\/\/spinsafety.com\/en\/#\/schema\/logo\/image\/","url":"https:\/\/spinsafety.com\/wp-content\/uploads\/2021\/08\/spinsafety-1.png","contentUrl":"https:\/\/spinsafety.com\/wp-content\/uploads\/2021\/08\/spinsafety-1.png","width":180,"height":104,"caption":"Spin Safety\u00ae"},"image":{"@id":"https:\/\/spinsafety.com\/en\/#\/schema\/logo\/image\/"}}]}},"_links":{"self":[{"href":"https:\/\/spinsafety.com\/en\/wp-json\/wp\/v2\/pages\/4404","targetHints":{"allow":["GET"]}}],"collection":[{"href":"https:\/\/spinsafety.com\/en\/wp-json\/wp\/v2\/pages"}],"about":[{"href":"https:\/\/spinsafety.com\/en\/wp-json\/wp\/v2\/types\/page"}],"author":[{"embeddable":true,"href":"https:\/\/spinsafety.com\/en\/wp-json\/wp\/v2\/users\/1"}],"replies":[{"embeddable":true,"href":"https:\/\/spinsafety.com\/en\/wp-json\/wp\/v2\/comments?post=4404"}],"version-history":[{"count":83,"href":"https:\/\/spinsafety.com\/en\/wp-json\/wp\/v2\/pages\/4404\/revisions"}],"predecessor-version":[{"id":5526,"href":"https:\/\/spinsafety.com\/en\/wp-json\/wp\/v2\/pages\/4404\/revisions\/5526"}],"wp:attachment":[{"href":"https:\/\/spinsafety.com\/en\/wp-json\/wp\/v2\/media?parent=4404"}],"curies":[{"name":"wp","href":"https:\/\/api.w.org\/{rel}","templated":true}]}}